{"id":8824,"date":"2025-03-17T10:56:04","date_gmt":"2025-03-17T15:56:04","guid":{"rendered":"https:\/\/seewhylearning.com\/?post_type=product&#038;p=8824"},"modified":"2025-05-05T16:27:00","modified_gmt":"2025-05-05T21:27:00","slug":"programme-de-qualification-en-assurance-de-personnes-common-law","status":"publish","type":"product","link":"https:\/\/seewhy-primary.hellowebsites.ca\/fr\/product\/programme-de-qualification-en-assurance-de-personnes-common-law\/","title":{"rendered":"Programme de qualification en assurance de personnes (common law)"},"content":{"rendered":"<p><strong>PQAP Assurance Vie \u2013 Toutes les Provinces excluant le Qu\u00e9bec<\/strong><br \/>\nCe programme est id\u00e9al pour les personnes qui souhaitent se sp\u00e9cialiser dans l&rsquo;assurance vie et b\u00e2tir une carri\u00e8re r\u00e9ussie dans le secteur de l&rsquo;assurance au Canada. Le programme de formation d\u2019assurance vie de SeeWhy Learning comprend une compr\u00e9hension globale de l&rsquo;assurance vie et l\u2019assurance contre la maladie ou les accidents, des r\u00e8glements de l\u2019industrie, de l\u2019\u00e9thique et des responsabilit\u00e9s professionnelles requises pour servir les clients dans toutes les provinces et territoires, excluant le Qu\u00e9bec.<\/p>\n<p><strong>Certification &amp; Licence<\/strong><br \/>\nAfin d\u2019obtenir une licence de vente d&rsquo;assurance vie et d\u2019assurance contre la maladie ou les accidents au Canada (excluant le Qu\u00e9bec), les candidats doivent r\u00e9ussir les examens provinciaux du PQAP. Le programme de formation d\u2019assurance vie de SeeWhy Learning est con\u00e7u pour s&rsquo;aligner sur l&rsquo;\u00e9ducation provinciale, ce qui aide les candidats \u00e0 bien se pr\u00e9parer \u00e0 ces examens avec confiance.<\/p>\n<p><strong>Modules de cours :<\/strong><\/p>\n<p>D\u00e9ontologie et pratique professionnelle Canada<br \/>\nFonds distincts et rentes<br \/>\nAssurance contre la maladie ou les accidents<br \/>\nAssurance Vie<\/p>\n","protected":false},"excerpt":{"rendered":"<p>PQAP Assurance Vie \u2013 Toutes les Provinces excluant le Qu\u00e9bec Ce programme est id\u00e9al pour les personnes qui souhaitent se sp\u00e9cialiser dans l&rsquo;assurance vie et b\u00e2tir une carri\u00e8re r\u00e9ussie dans le secteur de l&rsquo;assurance au Canada. Le programme de formation d\u2019assurance vie de SeeWhy Learning comprend une compr\u00e9hension globale de l&rsquo;assurance vie et l\u2019assurance contre la maladie ou les accidents,\u2026<\/p>\n","protected":false},"featured_media":0,"comment_status":"closed","ping_status":"closed","template":"","meta":{"_acf_changed":false},"study_tools":[176,178,177],"product_brand":[],"product_cat":[163],"product_tag":[],"class_list":{"0":"post-8824","1":"product","2":"type-product","3":"status-publish","5":"study_tools-cours-de-preparation-aux-examens-incluant-des-videos-et-des-quiz","6":"study_tools-disponible-manuels-imprimes","7":"study_tools-examens-de-certification-surveilles-a-distance-sur-ordinateur","8":"product_cat-llqp-fr","9":"no-post-thumbnail","11":"first","12":"instock","13":"taxable","14":"shipping-taxable","15":"purchasable","16":"product-type-variable"},"acf":[],"_links":{"self":[{"href":"https:\/\/seewhy-primary.hellowebsites.ca\/fr\/wp-json\/wp\/v2\/product\/8824","targetHints":{"allow":["GET"]}}],"collection":[{"href":"https:\/\/seewhy-primary.hellowebsites.ca\/fr\/wp-json\/wp\/v2\/product"}],"about":[{"href":"https:\/\/seewhy-primary.hellowebsites.ca\/fr\/wp-json\/wp\/v2\/types\/product"}],"replies":[{"embeddable":true,"href":"https:\/\/seewhy-primary.hellowebsites.ca\/fr\/wp-json\/wp\/v2\/comments?post=8824"}],"wp:attachment":[{"href":"https:\/\/seewhy-primary.hellowebsites.ca\/fr\/wp-json\/wp\/v2\/media?parent=8824"}],"wp:term":[{"taxonomy":"study_tools","embeddable":true,"href":"https:\/\/seewhy-primary.hellowebsites.ca\/fr\/wp-json\/wp\/v2\/study_tools?post=8824"},{"taxonomy":"product_brand","embeddable":true,"href":"https:\/\/seewhy-primary.hellowebsites.ca\/fr\/wp-json\/wp\/v2\/product_brand?post=8824"},{"taxonomy":"product_cat","embeddable":true,"href":"https:\/\/seewhy-primary.hellowebsites.ca\/fr\/wp-json\/wp\/v2\/product_cat?post=8824"},{"taxonomy":"product_tag","embeddable":true,"href":"https:\/\/seewhy-primary.hellowebsites.ca\/fr\/wp-json\/wp\/v2\/product_tag?post=8824"}],"curies":[{"name":"wp","href":"https:\/\/api.w.org\/{rel}","templated":true}]}}