{"id":8846,"date":"2025-03-17T11:21:30","date_gmt":"2025-03-17T16:21:30","guid":{"rendered":"https:\/\/seewhylearning.com\/?post_type=product&#038;p=8846"},"modified":"2025-05-05T16:59:37","modified_gmt":"2025-05-05T21:59:37","slug":"cours-sur-lassurance-contre-la-maladie-ou-les-accidents-canada","status":"publish","type":"product","link":"https:\/\/seewhy-primary.hellowebsites.ca\/fr\/product\/cours-sur-lassurance-contre-la-maladie-ou-les-accidents-canada\/","title":{"rendered":"Cours sur l\u2019assurance contre la maladie ou les accidents (Canada)"},"content":{"rendered":"<p><strong>PQAP Assurance contre la maladie ou les accidents \u2013 Toutes les Provinces incluant le Qu\u00e9bec<\/strong><br \/>\nCe programme est id\u00e9al pour les personnes qui souhaitent se sp\u00e9cialiser dans le domaine de l\u2019assurance contre la maladie ou les accidents et de b\u00e2tir une carri\u00e8re r\u00e9ussie dans le secteur de l&rsquo;assurance partout au Canada. Le cours sur l\u2019assurance contre la maladie ou les accidents de SeeWhy Learning offre une compr\u00e9hension compl\u00e8te des produits d&rsquo;assurance contre la maladie ou les accidents, de la r\u00e9glementation sectorielle, de l&rsquo;\u00e9thique et des responsabilit\u00e9s professionnelles requises pour servir les clients dans toutes les provinces et territoires incluant le Qu\u00e9bec.<\/p>\n<p><strong>Certification &amp; Licence<\/strong><br \/>\nAfin d\u2019obtenir une licence de vente assurance contre la maladie ou les accidents au Canada, les candidats doivent r\u00e9ussir les examens provinciaux du PQAP. La formation sur l\u2019assurance contre la maladie ou les accidents de SeeWhy Learning est con\u00e7ue pour s&rsquo;aligner sur les exigences provinciales en mati\u00e8re d&rsquo;\u00e9ducation, ce qui permet aux candidats de se pr\u00e9parer avec confiance \u00e0 ces examens.<\/p>\n<p><strong>Modules de cours :<\/strong><\/p>\n<p>D\u00e9ontologie et pratique professionnelle Qu\u00e9bec<br \/>\nD\u00e9ontologie et pratique professionnelle Canada<br \/>\nAssurance contre la maladie ou les accidents<\/p>\n","protected":false},"excerpt":{"rendered":"<p>PQAP Assurance contre la maladie ou les accidents \u2013 Toutes les Provinces incluant le Qu\u00e9bec Ce programme est id\u00e9al pour les personnes qui souhaitent se sp\u00e9cialiser dans le domaine de l\u2019assurance contre la maladie ou les accidents et de b\u00e2tir une carri\u00e8re r\u00e9ussie dans le secteur de l&rsquo;assurance partout au Canada. Le cours sur l\u2019assurance contre la maladie ou les\u2026<\/p>\n","protected":false},"featured_media":0,"comment_status":"closed","ping_status":"closed","template":"","meta":{"_acf_changed":false},"study_tools":[148,146,147,140],"product_brand":[],"product_cat":[163],"product_tag":[],"class_list":{"0":"post-8846","1":"product","2":"type-product","3":"status-publish","5":"study_tools-quiz-en-ligne","6":"study_tools-cartes-flash-en-ligne","7":"study_tools-examens-pratiques-en-ligne","8":"study_tools-videos-de-formation-en-ligne","9":"product_cat-llqp-fr","10":"no-post-thumbnail","12":"first","13":"instock","14":"taxable","15":"shipping-taxable","16":"purchasable","17":"product-type-variable"},"acf":[],"_links":{"self":[{"href":"https:\/\/seewhy-primary.hellowebsites.ca\/fr\/wp-json\/wp\/v2\/product\/8846","targetHints":{"allow":["GET"]}}],"collection":[{"href":"https:\/\/seewhy-primary.hellowebsites.ca\/fr\/wp-json\/wp\/v2\/product"}],"about":[{"href":"https:\/\/seewhy-primary.hellowebsites.ca\/fr\/wp-json\/wp\/v2\/types\/product"}],"replies":[{"embeddable":true,"href":"https:\/\/seewhy-primary.hellowebsites.ca\/fr\/wp-json\/wp\/v2\/comments?post=8846"}],"wp:attachment":[{"href":"https:\/\/seewhy-primary.hellowebsites.ca\/fr\/wp-json\/wp\/v2\/media?parent=8846"}],"wp:term":[{"taxonomy":"study_tools","embeddable":true,"href":"https:\/\/seewhy-primary.hellowebsites.ca\/fr\/wp-json\/wp\/v2\/study_tools?post=8846"},{"taxonomy":"product_brand","embeddable":true,"href":"https:\/\/seewhy-primary.hellowebsites.ca\/fr\/wp-json\/wp\/v2\/product_brand?post=8846"},{"taxonomy":"product_cat","embeddable":true,"href":"https:\/\/seewhy-primary.hellowebsites.ca\/fr\/wp-json\/wp\/v2\/product_cat?post=8846"},{"taxonomy":"product_tag","embeddable":true,"href":"https:\/\/seewhy-primary.hellowebsites.ca\/fr\/wp-json\/wp\/v2\/product_tag?post=8846"}],"curies":[{"name":"wp","href":"https:\/\/api.w.org\/{rel}","templated":true}]}}