{"id":8850,"date":"2025-03-17T11:23:16","date_gmt":"2025-03-17T16:23:16","guid":{"rendered":"https:\/\/seewhylearning.com\/?post_type=product&#038;p=8850"},"modified":"2025-06-12T16:06:23","modified_gmt":"2025-06-12T20:06:23","slug":"deontologie-et-pratique-professionnelle-common-law","status":"publish","type":"product","link":"https:\/\/seewhy-primary.hellowebsites.ca\/fr\/product\/deontologie-et-pratique-professionnelle-common-law\/","title":{"rendered":"D\u00e9ontologie et pratique professionnelle (common law)"},"content":{"rendered":"<p><strong>PQAP D\u00e9ontologie et pratique professionnelle Canada <\/strong><br \/>\nCe cours est con\u00e7u pour les professionnels de l\u2019assurance qui sont agr\u00e9\u00e9s uniquement au Qu\u00e9bec et qui souhaitent \u00e9largir leurs comp\u00e9tences en mati\u00e8re d\u2019assurance vie ou d\u2019assurance contre la maladie ou les accidents partout au Canada. Le cours de D\u00e9ontologie et Pratique Professionnelle Canada (Droit Commun) de SeeWhy Learning permet de bien comprendre le cadre r\u00e9glementaire, les consid\u00e9rations \u00e9thiques et les responsabilit\u00e9s professionnelles dans les provinces et territoires \u00e0 travers le Canada.<\/p>\n<p><strong>Modules de cours :<\/strong><\/p>\n<p>D\u00e9ontologie et pratique professionnelle Canada<\/p>\n","protected":false},"excerpt":{"rendered":"<p>PQAP D\u00e9ontologie et pratique professionnelle Canada Ce cours est con\u00e7u pour les professionnels de l\u2019assurance qui sont agr\u00e9\u00e9s uniquement au Qu\u00e9bec et qui souhaitent \u00e9largir leurs comp\u00e9tences en mati\u00e8re d\u2019assurance vie ou d\u2019assurance contre la maladie ou les accidents partout au Canada. Le cours de D\u00e9ontologie et Pratique Professionnelle Canada (Droit Commun) de SeeWhy Learning permet de bien comprendre le\u2026<\/p>\n","protected":false},"featured_media":0,"comment_status":"closed","ping_status":"closed","template":"","meta":{"_acf_changed":false},"study_tools":[148,146,147,140],"product_brand":[],"product_cat":[163],"product_tag":[],"class_list":{"0":"post-8850","1":"product","2":"type-product","3":"status-publish","5":"study_tools-quiz-en-ligne","6":"study_tools-cartes-flash-en-ligne","7":"study_tools-examens-pratiques-en-ligne","8":"study_tools-videos-de-formation-en-ligne","9":"product_cat-llqp-fr","10":"no-post-thumbnail","12":"first","13":"instock","14":"taxable","15":"shipping-taxable","16":"purchasable","17":"product-type-variable"},"acf":[],"_links":{"self":[{"href":"https:\/\/seewhy-primary.hellowebsites.ca\/fr\/wp-json\/wp\/v2\/product\/8850","targetHints":{"allow":["GET"]}}],"collection":[{"href":"https:\/\/seewhy-primary.hellowebsites.ca\/fr\/wp-json\/wp\/v2\/product"}],"about":[{"href":"https:\/\/seewhy-primary.hellowebsites.ca\/fr\/wp-json\/wp\/v2\/types\/product"}],"replies":[{"embeddable":true,"href":"https:\/\/seewhy-primary.hellowebsites.ca\/fr\/wp-json\/wp\/v2\/comments?post=8850"}],"wp:attachment":[{"href":"https:\/\/seewhy-primary.hellowebsites.ca\/fr\/wp-json\/wp\/v2\/media?parent=8850"}],"wp:term":[{"taxonomy":"study_tools","embeddable":true,"href":"https:\/\/seewhy-primary.hellowebsites.ca\/fr\/wp-json\/wp\/v2\/study_tools?post=8850"},{"taxonomy":"product_brand","embeddable":true,"href":"https:\/\/seewhy-primary.hellowebsites.ca\/fr\/wp-json\/wp\/v2\/product_brand?post=8850"},{"taxonomy":"product_cat","embeddable":true,"href":"https:\/\/seewhy-primary.hellowebsites.ca\/fr\/wp-json\/wp\/v2\/product_cat?post=8850"},{"taxonomy":"product_tag","embeddable":true,"href":"https:\/\/seewhy-primary.hellowebsites.ca\/fr\/wp-json\/wp\/v2\/product_tag?post=8850"}],"curies":[{"name":"wp","href":"https:\/\/api.w.org\/{rel}","templated":true}]}}