{"id":8854,"date":"2025-03-17T11:25:46","date_gmt":"2025-03-17T16:25:46","guid":{"rendered":"https:\/\/seewhylearning.com\/?post_type=product&#038;p=8854"},"modified":"2025-06-12T16:06:11","modified_gmt":"2025-06-12T20:06:11","slug":"deontologie-et-pratique-professionnelle-code-civil","status":"publish","type":"product","link":"https:\/\/seewhy-primary.hellowebsites.ca\/fr\/product\/deontologie-et-pratique-professionnelle-code-civil\/","title":{"rendered":"D\u00e9ontologie et pratique professionnelle (code civil)"},"content":{"rendered":"<p><strong>PQAP D\u00e9ontologie et pratique professionnelle Qu\u00e9bec <\/strong><br \/>\nCe cours s\u2019adresse aux professionnels de l\u2019assurance qui d\u00e9tiennent d\u00e9j\u00e0 une licence dans tous les domaines de l\u2019assurance, \u00e0 l\u2019exception du Qu\u00e9bec, et qui souhaitent \u00e9largir leurs comp\u00e9tences en assurance vie ou en assurance contre la maladie ou les accidents partout au Canada. Le cours de D\u00e9ontologie et Pratique Professionnelle (Qu\u00e9bec) de SeeWhy Learning permet de bien comprendre le cadre r\u00e9glementaire, les consid\u00e9rations \u00e9thiques et les responsabilit\u00e9s en vertu du Code civil du Qu\u00e9bec.<\/p>\n<p><strong>Modules de cours :<\/strong><\/p>\n<p><strong>D\u00e9ontologie et pratique professionnelle Qu\u00e9bec <\/strong><\/p>\n","protected":false},"excerpt":{"rendered":"<p>PQAP D\u00e9ontologie et pratique professionnelle Qu\u00e9bec Ce cours s\u2019adresse aux professionnels de l\u2019assurance qui d\u00e9tiennent d\u00e9j\u00e0 une licence dans tous les domaines de l\u2019assurance, \u00e0 l\u2019exception du Qu\u00e9bec, et qui souhaitent \u00e9largir leurs comp\u00e9tences en assurance vie ou en assurance contre la maladie ou les accidents partout au Canada. Le cours de D\u00e9ontologie et Pratique Professionnelle (Qu\u00e9bec) de SeeWhy Learning\u2026<\/p>\n","protected":false},"featured_media":0,"comment_status":"closed","ping_status":"closed","template":"","meta":{"_acf_changed":false},"study_tools":[146,147,148],"product_brand":[],"product_cat":[163],"product_tag":[],"class_list":{"0":"post-8854","1":"product","2":"type-product","3":"status-publish","5":"study_tools-cartes-flash-en-ligne","6":"study_tools-examens-pratiques-en-ligne","7":"study_tools-quiz-en-ligne","8":"product_cat-llqp-fr","9":"no-post-thumbnail","11":"first","12":"instock","13":"taxable","14":"shipping-taxable","15":"purchasable","16":"product-type-variable"},"acf":[],"_links":{"self":[{"href":"https:\/\/seewhy-primary.hellowebsites.ca\/fr\/wp-json\/wp\/v2\/product\/8854","targetHints":{"allow":["GET"]}}],"collection":[{"href":"https:\/\/seewhy-primary.hellowebsites.ca\/fr\/wp-json\/wp\/v2\/product"}],"about":[{"href":"https:\/\/seewhy-primary.hellowebsites.ca\/fr\/wp-json\/wp\/v2\/types\/product"}],"replies":[{"embeddable":true,"href":"https:\/\/seewhy-primary.hellowebsites.ca\/fr\/wp-json\/wp\/v2\/comments?post=8854"}],"wp:attachment":[{"href":"https:\/\/seewhy-primary.hellowebsites.ca\/fr\/wp-json\/wp\/v2\/media?parent=8854"}],"wp:term":[{"taxonomy":"study_tools","embeddable":true,"href":"https:\/\/seewhy-primary.hellowebsites.ca\/fr\/wp-json\/wp\/v2\/study_tools?post=8854"},{"taxonomy":"product_brand","embeddable":true,"href":"https:\/\/seewhy-primary.hellowebsites.ca\/fr\/wp-json\/wp\/v2\/product_brand?post=8854"},{"taxonomy":"product_cat","embeddable":true,"href":"https:\/\/seewhy-primary.hellowebsites.ca\/fr\/wp-json\/wp\/v2\/product_cat?post=8854"},{"taxonomy":"product_tag","embeddable":true,"href":"https:\/\/seewhy-primary.hellowebsites.ca\/fr\/wp-json\/wp\/v2\/product_tag?post=8854"}],"curies":[{"name":"wp","href":"https:\/\/api.w.org\/{rel}","templated":true}]}}