{"id":9474,"date":"2025-03-26T12:31:54","date_gmt":"2025-03-26T17:31:54","guid":{"rendered":"https:\/\/seewhylearning.com\/?post_type=product&#038;p=9474"},"modified":"2025-09-02T15:24:20","modified_gmt":"2025-09-02T19:24:20","slug":"deontologie-et-pratique-professionnelle-code-civil-wfg","status":"publish","type":"product","link":"https:\/\/seewhy-primary.hellowebsites.ca\/fr\/product\/deontologie-et-pratique-professionnelle-code-civil-wfg\/","title":{"rendered":"D\u00e9ontologie et pratique professionnelle (code civil) &#8211; WFG"},"content":{"rendered":"<p>Le cours See Why Learning de la D\u00e9ontologie et de pratique professionnelle (code civil) est un cours de certification reconnu qui qualifiera les candidats \u00e0 r\u00e9diger l\u2019examen de licence de l\u2019organisme d\u2019assurance provincial pour la D\u00e9ontologie et pratique professionnelle\u00a0<strong>au Qu\u00e9bec<\/strong>. L\u2019objectif du cours est de fournir une solide fondation d\u2019apprentissage pour les professionnels de l\u2019assurance entrant dans le domaine.<\/p>\n<div class=\"hide-div hidden-lg hidden-md hidden-sm\"><strong>Remarque importante :<\/strong>\u00a0Les inscriptions au PQAP sont non remboursables. Chaque inscription entra\u00eene des co\u00fbts imm\u00e9diats et irr\u00e9versibles pour SeeWhy Learning d\u00e8s son traitement. Nous encourageons vivement tous les \u00e9tudiants \u00e0 s&rsquo;assurer qu&rsquo;ils sont pr\u00eats \u00e0 commencer le programme avant de finaliser leur inscription. Si vous avez des questions ou si vous avez besoin d\u2019aide pour d\u00e9terminer si c\u2019est le bon moment pour vous inscrire, n\u2019h\u00e9sitez pas \u00e0 nous contacter, nous serons ravis de vous accompagner !<\/div>\n<div class=\"hide-div hidden-lg hidden-md hidden-sm\"><\/div>\n","protected":false},"excerpt":{"rendered":"<p>Le cours See Why Learning de la D\u00e9ontologie et de pratique professionnelle (code civil) est un cours de certification reconnu qui qualifiera les candidats \u00e0 r\u00e9diger l\u2019examen de licence de l\u2019organisme d\u2019assurance provincial pour la D\u00e9ontologie et pratique professionnelle\u00a0au Qu\u00e9bec. L\u2019objectif du cours est de fournir une solide fondation d\u2019apprentissage pour les professionnels de l\u2019assurance entrant dans le domaine. Remarque\u2026<\/p>\n","protected":false},"featured_media":0,"comment_status":"closed","ping_status":"closed","template":"","meta":{"_acf_changed":false},"study_tools":[176,178,177],"product_brand":[],"product_cat":[163,170],"product_tag":[],"class_list":{"0":"post-9474","1":"product","2":"type-product","3":"status-publish","5":"study_tools-cours-de-preparation-aux-examens-incluant-des-videos-et-des-quiz","6":"study_tools-disponible-manuels-imprimes","7":"study_tools-examens-de-certification-surveilles-a-distance-sur-ordinateur","8":"product_cat-llqp-fr","9":"product_cat-llqp-wfg-fr","10":"no-post-thumbnail","12":"first","13":"instock","14":"taxable","15":"shipping-taxable","16":"purchasable","17":"product-type-variable-subscription"},"acf":[],"_links":{"self":[{"href":"https:\/\/seewhy-primary.hellowebsites.ca\/fr\/wp-json\/wp\/v2\/product\/9474","targetHints":{"allow":["GET"]}}],"collection":[{"href":"https:\/\/seewhy-primary.hellowebsites.ca\/fr\/wp-json\/wp\/v2\/product"}],"about":[{"href":"https:\/\/seewhy-primary.hellowebsites.ca\/fr\/wp-json\/wp\/v2\/types\/product"}],"replies":[{"embeddable":true,"href":"https:\/\/seewhy-primary.hellowebsites.ca\/fr\/wp-json\/wp\/v2\/comments?post=9474"}],"wp:attachment":[{"href":"https:\/\/seewhy-primary.hellowebsites.ca\/fr\/wp-json\/wp\/v2\/media?parent=9474"}],"wp:term":[{"taxonomy":"study_tools","embeddable":true,"href":"https:\/\/seewhy-primary.hellowebsites.ca\/fr\/wp-json\/wp\/v2\/study_tools?post=9474"},{"taxonomy":"product_brand","embeddable":true,"href":"https:\/\/seewhy-primary.hellowebsites.ca\/fr\/wp-json\/wp\/v2\/product_brand?post=9474"},{"taxonomy":"product_cat","embeddable":true,"href":"https:\/\/seewhy-primary.hellowebsites.ca\/fr\/wp-json\/wp\/v2\/product_cat?post=9474"},{"taxonomy":"product_tag","embeddable":true,"href":"https:\/\/seewhy-primary.hellowebsites.ca\/fr\/wp-json\/wp\/v2\/product_tag?post=9474"}],"curies":[{"name":"wp","href":"https:\/\/api.w.org\/{rel}","templated":true}]}}